{"id":6413,"date":"2021-11-18T22:29:17","date_gmt":"2021-11-18T21:29:17","guid":{"rendered":"https:\/\/pruebas.turismodesanxenxo.com\/?page_id=6413"},"modified":"2021-12-07T13:09:26","modified_gmt":"2021-12-07T12:09:26","slug":"politica-de-privacidad","status":"publish","type":"page","link":"https:\/\/www.turismodesanxenxo.com\/gl\/politica-de-privacidad\/","title":{"rendered":"Pol\u00edtica de privacidade"},"content":{"rendered":"<div class=\"wp-block-citadela-blocks-custom-container citadela-block-custom-container size-wide bg-type-none inside-space-none\"><div class=\"inner-holder\">\n<h1 class=\"wp-block-heading\">Pol\u00edtica de privacidade<\/h1>\n\n\n\n<p>Se le informa que los datos personales que nos facilite voluntariamente, a trav\u00e9s de los distintos formularios de la web, ser\u00e1n tratados por TURISMO DE SANXENXO SL con domicilio en\u00a0R\u00faa Madrid, 1 &#8211; 36960 &#8211; Sanxenxo &#8211; Pontevedra, que cumple con las medidas de seguridad exigidas en la legislaci\u00f3n vigente en materia de Protecci\u00f3n de Datos de Car\u00e1cter Personal. La finalidad de dicho tratamiento es la descrita en cada uno de los formularios establecidos en la p\u00e1gina web en el que Usted nos haya facilitado sus datos.<\/p>\n\n\n\n<p>Los datos facilitados no ser\u00e1n cedidos a terceros salvo en los casos en que exista una obligaci\u00f3n legal, y se conservar\u00e1n durante el tiempo necesario para atender su solicitud siempre y cuando no nos indique lo contrario ejerciendo su derecho de cancelaci\u00f3n, o durante el tiempo necesario para cumplir con las obligaciones legales.<\/p>\n\n\n\n<p>TURISMO DE SANXENXO SL no elaborar\u00e1 ning\u00fan tipo de \u201cperfil\u201d, en base a la informaci\u00f3n facilitada. No se tomar\u00e1n decisiones automatizadas en base a perfiles.<\/p>\n\n\n\n<p>Asimismo, TURISMO DE SANXENXO SL cancelar\u00e1 o rectificar\u00e1 los datos cuando resulten inexactos, incompletos o hayan dejado de ser necesarios para su finalidad, de conformidad con lo previsto en la legislaci\u00f3n vigente en materia de Protecci\u00f3n de Datos de Car\u00e1cter Personal.<\/p>\n\n\n\n<p>Mientras no nos comunique lo contrario, entenderemos que sus datos no han sido modificados, que usted se compromete a notificarnos cualquier variaci\u00f3n y que tenemos el consentimiento para utilizarlos a fin de poder fidelizar la relaci\u00f3n entre las partes.<\/p>\n\n\n\n<p>El usuario podr\u00e1 ejercer los derechos de acceso, rectificaci\u00f3n, cancelaci\u00f3n, supresi\u00f3n, oposici\u00f3n, limitaci\u00f3n del tratamiento, portabilidad de datos y a no ser objeto de decisiones individualizadas, automatizadas, en relaci\u00f3n con los datos objeto del tratamiento, ante el responsable del tratamiento en la direcci\u00f3n anteriormente mencionada, o por correo electr\u00f3nico a info@turismodesanxenxo.com, adjuntando copia de su DNI o documento equivalente. En caso de que no haya obtenido satisfacci\u00f3n en el ejercicio de sus derechos, podr\u00e1 presentar una reclamaci\u00f3n ante la <em>Autoridad de Control en materia Protecci\u00f3n de Datos competente, <\/em>siendo \u00e9sta la <em>Agencia Espa\u00f1ola de Protecci\u00f3n de Datos, <\/em>y cuyos datos de contacto est\u00e1n accesibles en <a href=\"https:\/\/sedeagpd.gob.es\/sede-electronica-web\/vistas\/formNuevaReclamacion\/reclamacion.jsf\"><em>https:\/\/sedeagpd.gob.es\/sede-electronica-web\/vistas\/formNuevaReclamacion\/reclamacion.jsf<\/em><\/a><em>.<\/em><\/p>\n\n\n\n<p>TURISMO DE SANXENXO SL adopta las medidas t\u00e9cnicas, organizativas y de seguridad correspondientes seg\u00fan la normativa vigente en materia de Protecci\u00f3n de Datos de Car\u00e1cter Personal. No obstante, no asume ninguna responsabilidad por los da\u00f1os y perjuicios derivados de alteraciones que terceros puedan causar en los sistemas inform\u00e1ticos, documentos electr\u00f3nicos o ficheros del usuario.<\/p>\n\n\n\n<p>De acuerdo con lo que establece la Ley 34\/2002, de Servicios de la Sociedad de la Informaci\u00f3n y el Comercio Electr\u00f3nico en su art\u00edculo 21, solicitamos su consentimiento para poder realizar comunicaciones publicitarias que consideremos puedan ser de su inter\u00e9s, por correo electr\u00f3nico o por cualquier otro medio de comunicaci\u00f3n electr\u00f3nica equivalente.<\/p>\n<\/div><\/div>","protected":false},"excerpt":{"rendered":"","protected":false},"author":6,"featured_media":0,"parent":0,"menu_order":0,"comment_status":"closed","ping_status":"closed","template":"","meta":{"ghostkit_customizer_options":"","ghostkit_custom_css":"","ghostkit_custom_js_head":"","ghostkit_custom_js_foot":"","ghostkit_typography":"","_citadela_hide_page_title":"1","_citadela_remove_header_space":"","_citadela_custom_class":"","_citadela_half_map_provider":"","_citadela_half_map_theme":"","_citadela_half_map_themeOSM":"","_citadela_half_map_customTheme":"","_citadela_half_map_dataType":"","_citadela_half_map_dynamicTrack":false,"_citadela_half_map_trackColor":"","_citadela_half_map_trackEndpointsColor":"","_citadela_half_map_filterCategory":"","_citadela_half_map_filterLocation":"","_citadela_half_map_filterFeatured":false,"_citadela_half_map_noDataBehavior":"empty-map","_citadela_half_map_noDataText":"","_citadela_half_map_clusterGridSize":80,"_citadela_header":false,"_citadela_header_over_content":false,"_citadela_header_text_color":"","_citadela_header_logo":[],"_citadela_header_bg_image":[],"_citadela_header_bg_position":{"x":0.5,"y":0.5},"_citadela_header_bg_size":"cover","_citadela_header_bg_repeat":"no-repeat","_citadela_header_bg_fixed":false,"_citadela_header_bg_color":"","_citadela_header_bg_image_overlay":"","_citadela_header_transparent_bg":false,"_citadela_content_width":"","_citadela_half_layout_position":"","footnotes":""},"class_list":["post-6413","page","type-page","status-publish","hentry"],"yoast_head":"<!-- This site is optimized with the Yoast SEO plugin v26.9 - https:\/\/yoast.com\/product\/yoast-seo-wordpress\/ -->\n<title>Pol\u00edtica de privacidad - Turismo de Sanxenxo<\/title>\n<meta name=\"robots\" content=\"index, follow, max-snippet:-1, max-image-preview:large, max-video-preview:-1\" \/>\n<link rel=\"canonical\" href=\"https:\/\/www.turismodesanxenxo.com\/gl\/politica-de-privacidad\/\" \/>\n<meta property=\"og:locale\" content=\"gl_ES\" \/>\n<meta property=\"og:type\" content=\"article\" \/>\n<meta property=\"og:title\" content=\"Pol\u00edtica de privacidad - Turismo de Sanxenxo\" \/>\n<meta property=\"og:url\" content=\"https:\/\/www.turismodesanxenxo.com\/gl\/politica-de-privacidad\/\" \/>\n<meta property=\"og:site_name\" content=\"Turismo de Sanxenxo\" \/>\n<meta property=\"article:publisher\" content=\"https:\/\/www.facebook.com\/sanxenxo.turismodesanxenxo\/\" \/>\n<meta property=\"article:modified_time\" content=\"2021-12-07T12:09:26+00:00\" \/>\n<meta name=\"twitter:card\" content=\"summary_large_image\" \/>\n<meta name=\"twitter:site\" content=\"@turismosanxenxo\" \/>\n<meta name=\"twitter:label1\" content=\"Tempo de lectura\" \/>\n\t<meta name=\"twitter:data1\" content=\"3 minutos\" \/>\n<script type=\"application\/ld+json\" class=\"yoast-schema-graph\">{\"@context\":\"https:\/\/schema.org\",\"@graph\":[{\"@type\":\"WebPage\",\"@id\":\"https:\/\/www.turismodesanxenxo.com\/politica-de-privacidad\/\",\"url\":\"https:\/\/www.turismodesanxenxo.com\/politica-de-privacidad\/\",\"name\":\"Pol\u00edtica de privacidad - Turismo de Sanxenxo\",\"isPartOf\":{\"@id\":\"https:\/\/www.turismodesanxenxo.com\/#website\"},\"datePublished\":\"2021-11-18T21:29:17+00:00\",\"dateModified\":\"2021-12-07T12:09:26+00:00\",\"breadcrumb\":{\"@id\":\"https:\/\/www.turismodesanxenxo.com\/politica-de-privacidad\/#breadcrumb\"},\"inLanguage\":\"gl-ES\",\"potentialAction\":[{\"@type\":\"ReadAction\",\"target\":[\"https:\/\/www.turismodesanxenxo.com\/politica-de-privacidad\/\"]}]},{\"@type\":\"BreadcrumbList\",\"@id\":\"https:\/\/www.turismodesanxenxo.com\/politica-de-privacidad\/#breadcrumb\",\"itemListElement\":[{\"@type\":\"ListItem\",\"position\":1,\"name\":\"Portada\",\"item\":\"https:\/\/www.turismodesanxenxo.com\/\"},{\"@type\":\"ListItem\",\"position\":2,\"name\":\"Pol\u00edtica de privacidad\"}]},{\"@type\":\"WebSite\",\"@id\":\"https:\/\/www.turismodesanxenxo.com\/#website\",\"url\":\"https:\/\/www.turismodesanxenxo.com\/\",\"name\":\"Turismo de Sanxenxo\",\"description\":\"Qu\u00e9 visitar y hacer en el Concello de Sanxenxo\",\"publisher\":{\"@id\":\"https:\/\/www.turismodesanxenxo.com\/#organization\"},\"potentialAction\":[{\"@type\":\"SearchAction\",\"target\":{\"@type\":\"EntryPoint\",\"urlTemplate\":\"https:\/\/www.turismodesanxenxo.com\/?s={search_term_string}\"},\"query-input\":{\"@type\":\"PropertyValueSpecification\",\"valueRequired\":true,\"valueName\":\"search_term_string\"}}],\"inLanguage\":\"gl-ES\"},{\"@type\":\"Organization\",\"@id\":\"https:\/\/www.turismodesanxenxo.com\/#organization\",\"name\":\"Turismo de Sanxenxo\",\"url\":\"https:\/\/www.turismodesanxenxo.com\/\",\"logo\":{\"@type\":\"ImageObject\",\"inLanguage\":\"gl-ES\",\"@id\":\"https:\/\/www.turismodesanxenxo.com\/#\/schema\/logo\/image\/\",\"url\":\"https:\/\/www.turismodesanxenxo.com\/wp-content\/uploads\/2021\/12\/logo-web-turismo-sanxenxo-3c.png\",\"contentUrl\":\"https:\/\/www.turismodesanxenxo.com\/wp-content\/uploads\/2021\/12\/logo-web-turismo-sanxenxo-3c.png\",\"width\":255,\"height\":111,\"caption\":\"Turismo de Sanxenxo\"},\"image\":{\"@id\":\"https:\/\/www.turismodesanxenxo.com\/#\/schema\/logo\/image\/\"},\"sameAs\":[\"https:\/\/www.facebook.com\/sanxenxo.turismodesanxenxo\/\",\"https:\/\/x.com\/turismosanxenxo\",\"https:\/\/www.instagram.com\/turismosanxenxo\/\",\"https:\/\/www.youtube.com\/user\/TurismoSanxenxo\"]}]}<\/script>\n<!-- \/ Yoast SEO plugin. -->","yoast_head_json":{"title":"Pol\u00edtica de privacidad - Turismo de Sanxenxo","robots":{"index":"index","follow":"follow","max-snippet":"max-snippet:-1","max-image-preview":"max-image-preview:large","max-video-preview":"max-video-preview:-1"},"canonical":"https:\/\/www.turismodesanxenxo.com\/gl\/politica-de-privacidad\/","og_locale":"gl_ES","og_type":"article","og_title":"Pol\u00edtica de privacidad - Turismo de Sanxenxo","og_url":"https:\/\/www.turismodesanxenxo.com\/gl\/politica-de-privacidad\/","og_site_name":"Turismo de Sanxenxo","article_publisher":"https:\/\/www.facebook.com\/sanxenxo.turismodesanxenxo\/","article_modified_time":"2021-12-07T12:09:26+00:00","twitter_card":"summary_large_image","twitter_site":"@turismosanxenxo","twitter_misc":{"Tempo de lectura":"3 minutos"},"schema":{"@context":"https:\/\/schema.org","@graph":[{"@type":"WebPage","@id":"https:\/\/www.turismodesanxenxo.com\/politica-de-privacidad\/","url":"https:\/\/www.turismodesanxenxo.com\/politica-de-privacidad\/","name":"Pol\u00edtica de privacidad - Turismo de Sanxenxo","isPartOf":{"@id":"https:\/\/www.turismodesanxenxo.com\/#website"},"datePublished":"2021-11-18T21:29:17+00:00","dateModified":"2021-12-07T12:09:26+00:00","breadcrumb":{"@id":"https:\/\/www.turismodesanxenxo.com\/politica-de-privacidad\/#breadcrumb"},"inLanguage":"gl-ES","potentialAction":[{"@type":"ReadAction","target":["https:\/\/www.turismodesanxenxo.com\/politica-de-privacidad\/"]}]},{"@type":"BreadcrumbList","@id":"https:\/\/www.turismodesanxenxo.com\/politica-de-privacidad\/#breadcrumb","itemListElement":[{"@type":"ListItem","position":1,"name":"Portada","item":"https:\/\/www.turismodesanxenxo.com\/"},{"@type":"ListItem","position":2,"name":"Pol\u00edtica de privacidad"}]},{"@type":"WebSite","@id":"https:\/\/www.turismodesanxenxo.com\/#website","url":"https:\/\/www.turismodesanxenxo.com\/","name":"Turismo de Sanxenxo","description":"Qu\u00e9 visitar y hacer en el Concello de Sanxenxo","publisher":{"@id":"https:\/\/www.turismodesanxenxo.com\/#organization"},"potentialAction":[{"@type":"SearchAction","target":{"@type":"EntryPoint","urlTemplate":"https:\/\/www.turismodesanxenxo.com\/?s={search_term_string}"},"query-input":{"@type":"PropertyValueSpecification","valueRequired":true,"valueName":"search_term_string"}}],"inLanguage":"gl-ES"},{"@type":"Organization","@id":"https:\/\/www.turismodesanxenxo.com\/#organization","name":"Turismo de Sanxenxo","url":"https:\/\/www.turismodesanxenxo.com\/","logo":{"@type":"ImageObject","inLanguage":"gl-ES","@id":"https:\/\/www.turismodesanxenxo.com\/#\/schema\/logo\/image\/","url":"https:\/\/www.turismodesanxenxo.com\/wp-content\/uploads\/2021\/12\/logo-web-turismo-sanxenxo-3c.png","contentUrl":"https:\/\/www.turismodesanxenxo.com\/wp-content\/uploads\/2021\/12\/logo-web-turismo-sanxenxo-3c.png","width":255,"height":111,"caption":"Turismo de Sanxenxo"},"image":{"@id":"https:\/\/www.turismodesanxenxo.com\/#\/schema\/logo\/image\/"},"sameAs":["https:\/\/www.facebook.com\/sanxenxo.turismodesanxenxo\/","https:\/\/x.com\/turismosanxenxo","https:\/\/www.instagram.com\/turismosanxenxo\/","https:\/\/www.youtube.com\/user\/TurismoSanxenxo"]}]}},"_links":{"self":[{"href":"https:\/\/www.turismodesanxenxo.com\/gl\/wp-json\/wp\/v2\/pages\/6413","targetHints":{"allow":["GET"]}}],"collection":[{"href":"https:\/\/www.turismodesanxenxo.com\/gl\/wp-json\/wp\/v2\/pages"}],"about":[{"href":"https:\/\/www.turismodesanxenxo.com\/gl\/wp-json\/wp\/v2\/types\/page"}],"author":[{"embeddable":true,"href":"https:\/\/www.turismodesanxenxo.com\/gl\/wp-json\/wp\/v2\/users\/6"}],"replies":[{"embeddable":true,"href":"https:\/\/www.turismodesanxenxo.com\/gl\/wp-json\/wp\/v2\/comments?post=6413"}],"version-history":[{"count":5,"href":"https:\/\/www.turismodesanxenxo.com\/gl\/wp-json\/wp\/v2\/pages\/6413\/revisions"}],"predecessor-version":[{"id":7623,"href":"https:\/\/www.turismodesanxenxo.com\/gl\/wp-json\/wp\/v2\/pages\/6413\/revisions\/7623"}],"wp:attachment":[{"href":"https:\/\/www.turismodesanxenxo.com\/gl\/wp-json\/wp\/v2\/media?parent=6413"}],"curies":[{"name":"wp","href":"https:\/\/api.w.org\/{rel}","templated":true}]}}